{"id":16066,"date":"2025-07-22T01:06:25","date_gmt":"2025-07-22T01:06:25","guid":{"rendered":"https:\/\/ciamariapuentealto.cl\/sitio\/?page_id=16066"},"modified":"2026-01-22T20:19:23","modified_gmt":"2026-01-22T20:19:23","slug":"pedagogico-sigma","status":"publish","type":"page","link":"https:\/\/ciamariapuentealto.cl\/sitio\/pedagogico-sigma\/","title":{"rendered":"Pedagogico Signa"},"content":{"rendered":"<p>[et_pb_section fb_built=\u00bb1&#8243; admin_label=\u00bbHeader\u00bb _builder_version=\u00bb4.27.2&#8243; _module_preset=\u00bbdefault\u00bb custom_padding=\u00bb0px||0px||true|false\u00bb global_colors_info=\u00bb{}\u00bb][et_pb_row column_structure=\u00bb1_2,1_2&#8243; _builder_version=\u00bb4.16&#8243; _module_preset=\u00bbdefault\u00bb min_height=\u00bb223.2px\u00bb custom_padding=\u00bb62px||62px||true|false\u00bb global_colors_info=\u00bb{}\u00bb][et_pb_column type=\u00bb1_2&#8243; _builder_version=\u00bb4.16&#8243; _module_preset=\u00bbdefault\u00bb custom_padding=\u00bb150px||||false|false\u00bb custom_padding_tablet=\u00bb30px||||false|false\u00bb custom_padding_phone=\u00bb20px||||false|false\u00bb custom_padding_last_edited=\u00bbon|phone\u00bb global_colors_info=\u00bb{}\u00bb][et_pb_text _builder_version=\u00bb4.27.3&#8243; _module_preset=\u00bbdefault\u00bb header_font=\u00bbRoboto|500|||||||\u00bb header_text_color=\u00bb#000000&#8243; header_font_size=\u00bb64px\u00bb header_line_height=\u00bb1.15em\u00bb header_font_size_tablet=\u00bb40px\u00bb header_font_size_phone=\u00bb24px\u00bb header_font_size_last_edited=\u00bbon|desktop\u00bb locked=\u00bboff\u00bb global_colors_info=\u00bb{}\u00bb]<\/p>\n<h1>Educamos Signa<\/h1>\n<p>[\/et_pb_text][\/et_pb_column][et_pb_column type=\u00bb1_2&#8243; _builder_version=\u00bb4.16&#8243; _module_preset=\u00bbdefault\u00bb global_colors_info=\u00bb{}\u00bb][et_pb_image src=\u00bbhttps:\/\/www.ciamariapuentealto.cl\/sitio\/wp-content\/uploads\/2025\/12\/sigma.jpg\u00bb title_text=\u00bbsigma\u00bb _builder_version=\u00bb4.27.5&#8243; _module_preset=\u00bbdefault\u00bb custom_margin=\u00bb|-10vw|||false|false\u00bb custom_margin_tablet=\u00bb|0%|||false|false\u00bb custom_margin_phone=\u00bb\u00bb custom_margin_last_edited=\u00bbon|tablet\u00bb global_colors_info=\u00bb{}\u00bb][\/et_pb_image][\/et_pb_column][\/et_pb_row][et_pb_row custom_padding_last_edited=\u00bbon|phone\u00bb _builder_version=\u00bb4.16&#8243; _module_preset=\u00bbdefault\u00bb background_color=\u00bb#FFFFFF\u00bb background_image=\u00bbhttps:\/\/ciademaria.cl\/wp-content\/uploads\/2022\/05\/high-school_34.png\u00bb background_size=\u00bbinitial\u00bb background_position=\u00bbtop_left\u00bb background_repeat=\u00bbrepeat-x\u00bb z_index=\u00bb500&#8243; custom_margin=\u00bb||||false|false\u00bb custom_padding=\u00bb15px|40px|15px|40px|true|true\u00bb custom_padding_tablet=\u00bb30px|30px|30px|30px|true|true\u00bb custom_padding_phone=\u00bb20px|20px|20px|20px|true|true\u00bb box_shadow_style=\u00bbpreset3&#8243; box_shadow_vertical=\u00bb60px\u00bb box_shadow_blur=\u00bb60px\u00bb box_shadow_spread=\u00bb0px\u00bb box_shadow_color=\u00bbrgba(14,15,43,0.1)\u00bb global_colors_info=\u00bb{}\u00bb][et_pb_column type=\u00bb4_4&#8243; _builder_version=\u00bb4.16&#8243; _module_preset=\u00bbdefault\u00bb global_colors_info=\u00bb{}\u00bb][et_pb_text _builder_version=\u00bb4.27.3&#8243; _module_preset=\u00bbdefault\u00bb global_colors_info=\u00bb{}\u00bb]<\/p>\n<h3><b>Introducci\u00f3n SIGNA<\/b><\/h3>\n<p>[\/et_pb_text][et_pb_text _builder_version=\u00bb4.27.3&#8243; _module_preset=\u00bbdefault\u00bb custom_margin=\u00bb||3px|||\u00bb global_colors_info=\u00bb{}\u00bb]<\/p>\n<p><b>\u00abSIGNA\u00bb<\/b><span style=\"font-weight: 400;\">\u00a0es el modelo pedag\u00f3gico de la Compa\u00f1\u00eda de Mar\u00eda en Espa\u00f1a, con m\u00e1s de 400 a\u00f1os de experiencia en educaci\u00f3n. Este enfoque pone a la persona en el centro del proceso educativo, promoviendo un aprendizaje personalizado y adaptado a las necesidades de cada estudiante. La finalidad es formar ciudadanos responsables, competentes y comprometidos con su entorno.<\/span><\/p>\n<p><b>Principales caracter\u00edsticas de SIGNA:<\/b><\/p>\n<ul>\n<li style=\"font-weight: 400;\" aria-level=\"1\"><b>Enfoque en el estudiante:<\/b><span style=\"font-weight: 400;\">\u00a0Reconoce la singularidad de cada estudiante y fomenta su desarrollo integral.<\/span><\/li>\n<li style=\"font-weight: 400;\" aria-level=\"1\"><b>Aprendizaje personalizado:<\/b><span style=\"font-weight: 400;\">\u00a0Se adapta a las fortalezas, intereses y aspiraciones de cada estudiante para potenciar su m\u00e1ximo potencial.<\/span><\/li>\n<li style=\"font-weight: 400;\" aria-level=\"1\"><b>Docente como gu\u00eda:<\/b><span style=\"font-weight: 400;\">\u00a0Los profesores act\u00faan como acompa\u00f1antes que conocen, motivan y desaf\u00edan a los estudiantes en su proceso de aprendizaje.<\/span><\/li>\n<li style=\"font-weight: 400;\" aria-level=\"1\"><b>Colaboraci\u00f3n y di\u00e1logo:<\/b><span style=\"font-weight: 400;\">\u00a0Las aulas se transforman en espacios din\u00e1micos que fomentan el pensamiento cr\u00edtico, la cooperaci\u00f3n y el intercambio de ideas.<\/span><\/li>\n<li style=\"font-weight: 400;\" aria-level=\"1\"><b>Valores:<\/b><span style=\"font-weight: 400;\">\u00a0La formaci\u00f3n en valores es fundamental para desarrollar ciudadanos comprometidos con su comunidad y sociedad.<\/span><\/li>\n<\/ul>\n<p><b>Visi\u00f3n de futuro:<\/b><span style=\"font-weight: 400;\">\u00a0SIGNA prepara a los estudiantes para los desaf\u00edos del siglo XXI, promoviendo su participaci\u00f3n activa, responsabilidad y solidaridad.<\/span><\/p>\n<p>&nbsp;<\/p>\n<p>[\/et_pb_text][et_pb_button button_url=\u00bbhttps:\/\/www.ciamariapuentealto.cl\/sitio\/wp-content\/uploads\/2025\/07\/Nuestros-Modelos-Signa.pdf\u00bb url_new_window=\u00bbon\u00bb button_text=\u00bbDescargar el proyecto\u00bb button_alignment=\u00bbcenter\u00bb _builder_version=\u00bb4.27.5&#8243; _module_preset=\u00bbdefault\u00bb custom_button=\u00bbon\u00bb button_text_size=\u00bb15px\u00bb button_text_color=\u00bb#FFFFFF\u00bb button_bg_color=\u00bb#0693e3&#8243; custom_margin=\u00bb|0px||0px|false|false\u00bb custom_padding=\u00bb|15%||15%|false|true\u00bb custom_css_main_element=\u00bbmin-height: 30px; \/* Ajusta este valor (ej: 70px) seg\u00fan tu bot\u00f3n m\u00e1s grande *\/\u00bb locked=\u00bboff\u00bb global_colors_info=\u00bb{}\u00bb button_border_color=\u00bbRGBA(255,255,255,0)\u00bb button_on_hover=\u00bboff\u00bb hover_enabled=\u00bb0&#8243; sticky_enabled=\u00bb0&#8243;][\/et_pb_button][et_pb_image src=\u00bbhttps:\/\/www.ciamariapuentealto.cl\/sitio\/wp-content\/uploads\/2025\/11\/Modelo-Signa-2.jpg\u00bb title_text=\u00bbModelo Signa 2&#8243; _builder_version=\u00bb4.27.4&#8243; _module_preset=\u00bbdefault\u00bb global_colors_info=\u00bb{}\u00bb][\/et_pb_image][\/et_pb_column][\/et_pb_row][\/et_pb_section][et_pb_section fb_built=\u00bb1&#8243; admin_label=\u00bbFooter\u00bb _builder_version=\u00bb4.27.4&#8243; _module_preset=\u00bbdefault\u00bb background_color=\u00bb#0C71C3&#8243; background_image=\u00bbhttps:\/\/www.ciamariapuentealto.cl\/sitio\/wp-content\/uploads\/2025\/10\/049b.jpg\u00bb background_enable_video_mp4=\u00bboff\u00bb custom_margin=\u00bb||||false|false\u00bb custom_css_main_element=\u00bb<iframe width=%22560%22 height=%22315%22 src=%22https:\/\/www.youtube.com\/embed\/wFkfmr_AUfg?si=JOP4t6vAB6Whvgpq&#038;controls=0%22 title=%22YouTube video player%22 frameborder=%220%22 allow=%22accelerometer; autoplay; clipboard-write; encrypted-media; gyroscope; picture-in-picture; web-share%22 referrerpolicy=%22strict-origin-when-cross-origin%22 allowfullscreen><\/iframe>\u00bb global_module=\u00bb16393&#8243; saved_tabs=\u00bball\u00bb locked=\u00bboff\u00bb global_colors_info=\u00bb{}\u00bb][et_pb_row column_structure=\u00bb1_3,1_3,1_3&#8243; _builder_version=\u00bb4.27.2&#8243; _module_preset=\u00bbdefault\u00bb background_color=\u00bbrgba(34,59,126,0.7)\u00bb width=\u00bb95%\u00bb max_width=\u00bb95%\u00bb custom_padding=\u00bb3%|3%|3%|3%|true|true\u00bb global_colors_info=\u00bb{}\u00bb][et_pb_column type=\u00bb1_3&#8243; _builder_version=\u00bb4.16&#8243; _module_preset=\u00bbdefault\u00bb global_colors_info=\u00bb{}\u00bb][et_pb_text _builder_version=\u00bb4.27.5&#8243; _module_preset=\u00bbdefault\u00bb header_font=\u00bb||||||||\u00bb header_3_font=\u00bbRoboto|500|||||||\u00bb header_3_text_color=\u00bb#FFFFFF\u00bb header_3_font_size=\u00bb24px\u00bb header_3_line_height=\u00bb1.3em\u00bb custom_margin=\u00bb3%|3%|3%|0%|false|false\u00bb header_3_font_size_tablet=\u00bb20px\u00bb header_3_font_size_phone=\u00bb16px\u00bb header_3_font_size_last_edited=\u00bbon|desktop\u00bb locked=\u00bboff\u00bb global_colors_info=\u00bb{}\u00bb]<\/p>\n<h3>Somos Compa\u00f1\u00eda de Mar\u00eda<\/h3>\n<p>[\/et_pb_text][et_pb_button button_url=\u00bbhttps:\/\/ciademaria.cl\/\u00bb url_new_window=\u00bbon\u00bb button_text=\u00bbCompa\u00f1ia de Mar\u00eda Apoquindo\u00bb button_alignment=\u00bbleft\u00bb _builder_version=\u00bb4.27.5&#8243; _module_preset=\u00bbdefault\u00bb custom_button=\u00bbon\u00bb button_text_size=\u00bb16px\u00bb button_text_color=\u00bb#FFFFFF\u00bb button_bg_color=\u00bbRGBA(0,0,0,0)\u00bb button_bg_image=\u00bbhttps:\/\/www.ciamariapuentealto.cl\/sitio\/wp-content\/uploads\/2022\/05\/high-school_26.png\u00bb button_bg_size=\u00bbinitial\u00bb button_bg_position=\u00bbcenter_left\u00bb button_border_width=\u00bb0px\u00bb button_border_radius=\u00bb0px\u00bb button_font=\u00bbRoboto|700|||||||\u00bb custom_margin=\u00bb||10px||false|true\u00bb custom_padding=\u00bb0px|0px|0px|3%|false|false\u00bb global_colors_info=\u00bb{}\u00bb][\/et_pb_button][et_pb_button button_url=\u00bbhttps:\/\/lestonnac-odn.org\/nosotras\/organizacion\/\u00bb url_new_window=\u00bbon\u00bb button_text=\u00bbCompa\u00f1ia de Mar\u00eda Universal\u00bb button_alignment=\u00bbleft\u00bb _builder_version=\u00bb4.17.4&#8243; _module_preset=\u00bbdefault\u00bb custom_button=\u00bbon\u00bb button_text_size=\u00bb16px\u00bb button_text_color=\u00bb#FFFFFF\u00bb button_bg_color=\u00bbRGBA(0,0,0,0)\u00bb button_bg_image=\u00bbhttps:\/\/www.ciamariapuentealto.cl\/sitio\/wp-content\/uploads\/2022\/05\/high-school_26.png\u00bb button_bg_size=\u00bbinitial\u00bb button_bg_position=\u00bbcenter_left\u00bb button_border_width=\u00bb0px\u00bb button_border_radius=\u00bb0px\u00bb button_font=\u00bbRoboto|700|||||||\u00bb custom_margin=\u00bb||10px||false|true\u00bb custom_padding=\u00bb0px|0px|0px|3%|false|false\u00bb global_colors_info=\u00bb{}\u00bb][\/et_pb_button][et_pb_button button_url=\u00bbhttps:\/\/ciamariaconosur.org\/\u00bb url_new_window=\u00bbon\u00bb button_text=\u00bbCompa\u00f1\u00eda de Mar\u00eda Cono Sur\u00bb button_alignment=\u00bbleft\u00bb _builder_version=\u00bb4.17.4&#8243; _module_preset=\u00bbdefault\u00bb custom_button=\u00bbon\u00bb button_text_size=\u00bb16px\u00bb button_text_color=\u00bb#FFFFFF\u00bb button_bg_color=\u00bbRGBA(0,0,0,0)\u00bb button_bg_image=\u00bbhttps:\/\/www.ciamariapuentealto.cl\/sitio\/wp-content\/uploads\/2022\/05\/high-school_26.png\u00bb button_bg_size=\u00bbinitial\u00bb button_bg_position=\u00bbcenter_left\u00bb button_border_width=\u00bb0px\u00bb button_border_radius=\u00bb0px\u00bb button_font=\u00bbRoboto|700|||||||\u00bb custom_margin=\u00bb||10px||false|true\u00bb custom_padding=\u00bb0px|0px|0px|3%|false|false\u00bb global_colors_info=\u00bb{}\u00bb][\/et_pb_button][et_pb_button button_url=\u00bbhttps:\/\/ciademariaseminario.cl\/\u00bb url_new_window=\u00bbon\u00bb button_text=\u00bbCompa\u00f1ia de Mar\u00eda Seminario\u00bb button_alignment=\u00bbleft\u00bb _builder_version=\u00bb4.17.4&#8243; _module_preset=\u00bbdefault\u00bb custom_button=\u00bbon\u00bb button_text_size=\u00bb16px\u00bb button_text_color=\u00bb#FFFFFF\u00bb button_bg_color=\u00bbRGBA(0,0,0,0)\u00bb button_bg_image=\u00bbhttps:\/\/www.ciamariapuentealto.cl\/sitio\/wp-content\/uploads\/2022\/05\/high-school_26.png\u00bb button_bg_size=\u00bbinitial\u00bb button_bg_position=\u00bbcenter_left\u00bb button_border_width=\u00bb0px\u00bb button_border_radius=\u00bb0px\u00bb button_font=\u00bbRoboto|700|||||||\u00bb custom_margin=\u00bb||10px||false|true\u00bb custom_padding=\u00bb0px|0px|0px|3%|false|false\u00bb global_colors_info=\u00bb{}\u00bb][\/et_pb_button][et_pb_button button_url=\u00bbhttps:\/\/ciamariavina.cl\/\u00bb url_new_window=\u00bbon\u00bb button_text=\u00bbCompa\u00f1ia de Mar\u00eda Vi\u00f1a del Mar\u00bb button_alignment=\u00bbleft\u00bb _builder_version=\u00bb4.17.4&#8243; _module_preset=\u00bbdefault\u00bb custom_button=\u00bbon\u00bb button_text_size=\u00bb16px\u00bb button_text_color=\u00bb#FFFFFF\u00bb button_bg_color=\u00bbRGBA(0,0,0,0)\u00bb button_bg_image=\u00bbhttps:\/\/www.ciamariapuentealto.cl\/sitio\/wp-content\/uploads\/2022\/05\/high-school_26.png\u00bb button_bg_size=\u00bbinitial\u00bb button_bg_position=\u00bbcenter_left\u00bb button_border_width=\u00bb0px\u00bb button_border_radius=\u00bb0px\u00bb button_font=\u00bbRoboto|700|||||||\u00bb custom_margin=\u00bb||10px||false|true\u00bb custom_padding=\u00bb0px|0px|0px|3%|false|false\u00bb global_colors_info=\u00bb{}\u00bb][\/et_pb_button][et_pb_button button_url=\u00bbhttps:\/\/lestonnac-odn.org\/\u00bb url_new_window=\u00bbon\u00bb button_text=\u00bbOrden de la Compa\u00f1\u00eda de Mar\u00eda\u00bb button_alignment=\u00bbleft\u00bb disabled_on=\u00bbon|on|on\u00bb _builder_version=\u00bb4.17.4&#8243; _module_preset=\u00bbdefault\u00bb custom_button=\u00bbon\u00bb button_text_size=\u00bb16px\u00bb button_text_color=\u00bb#FFFFFF\u00bb button_bg_color=\u00bbRGBA(0,0,0,0)\u00bb button_bg_image=\u00bbhttps:\/\/www.ciamariapuentealto.cl\/sitio\/wp-content\/uploads\/2022\/05\/high-school_26.png\u00bb button_bg_size=\u00bbinitial\u00bb button_bg_position=\u00bbcenter_left\u00bb button_border_width=\u00bb0px\u00bb button_border_radius=\u00bb0px\u00bb button_font=\u00bbRoboto|700|||||||\u00bb custom_margin=\u00bb||10px||false|true\u00bb custom_padding=\u00bb0px|0px|0px|3%|false|false\u00bb disabled=\u00bbon\u00bb global_colors_info=\u00bb{}\u00bb][\/et_pb_button][\/et_pb_column][et_pb_column type=\u00bb1_3&#8243; _builder_version=\u00bb4.16&#8243; _module_preset=\u00bbdefault\u00bb global_colors_info=\u00bb{}\u00bb][et_pb_text _builder_version=\u00bb4.17.4&#8243; _module_preset=\u00bbdefault\u00bb header_4_font=\u00bbRoboto|700||on|||||\u00bb header_4_text_color=\u00bbrgba(255,255,255,0.5)\u00bb header_4_font_size=\u00bb12px\u00bb header_4_letter_spacing=\u00bb3px\u00bb header_4_line_height=\u00bb1.5em\u00bb custom_margin=\u00bb||0px||false|false\u00bb locked=\u00bboff\u00bb global_colors_info=\u00bb{}\u00bb]<\/p>\n<h4>Horario de atenci\u00f3n<\/h4>\n<p>[\/et_pb_text][et_pb_text _builder_version=\u00bb4.19.1&#8243; _module_preset=\u00bbdefault\u00bb text_font=\u00bbRoboto|500|||||||\u00bb text_text_color=\u00bb#FFFFFF\u00bb text_font_size=\u00bb16px\u00bb text_line_height=\u00bb1.6em\u00bb header_5_text_color=\u00bb#FFFFFF\u00bb header_5_line_height=\u00bb1.8em\u00bb text_font_size_tablet=\u00bb15px\u00bb text_font_size_phone=\u00bb14px\u00bb text_font_size_last_edited=\u00bbon|desktop\u00bb header_font_size_tablet=\u00bb55px\u00bb header_font_size_last_edited=\u00bboff|desktop\u00bb locked=\u00bboff\u00bb global_colors_info=\u00bb{}\u00bb]<\/p>\n<p>L-V: 8:00am &#8211; 5:30pm<\/p>\n<p>[\/et_pb_text][et_pb_text _builder_version=\u00bb4.17.4&#8243; _module_preset=\u00bbdefault\u00bb header_4_font=\u00bbRoboto|700||on|||||\u00bb header_4_text_color=\u00bbrgba(255,255,255,0.5)\u00bb header_4_font_size=\u00bb12px\u00bb header_4_letter_spacing=\u00bb3px\u00bb header_4_line_height=\u00bb1.5em\u00bb custom_margin=\u00bb40px||0px||false|false\u00bb custom_margin_tablet=\u00bb30px||||false|false\u00bb custom_margin_phone=\u00bb20px||||false|false\u00bb custom_margin_last_edited=\u00bbon|tablet\u00bb locked=\u00bboff\u00bb global_colors_info=\u00bb{}\u00bb]<\/p>\n<h4>Direcci\u00f3n<\/h4>\n<p>[\/et_pb_text][et_pb_text _builder_version=\u00bb4.27.4&#8243; _module_preset=\u00bbdefault\u00bb text_font=\u00bbRoboto|500|||||||\u00bb text_text_color=\u00bb#FFFFFF\u00bb text_font_size=\u00bb16px\u00bb text_line_height=\u00bb1.6em\u00bb header_5_text_color=\u00bb#FFFFFF\u00bb header_5_line_height=\u00bb1.8em\u00bb text_font_size_tablet=\u00bb15px\u00bb text_font_size_phone=\u00bb14px\u00bb text_font_size_last_edited=\u00bbon|desktop\u00bb header_font_size_tablet=\u00bb55px\u00bb header_font_size_last_edited=\u00bboff|desktop\u00bb locked=\u00bboff\u00bb global_colors_info=\u00bb{}\u00bb]<span>Avda. Concha y Toro 2411, Puente Alto. Regi\u00f3n Metropolitana<\/span>[\/et_pb_text][et_pb_text _builder_version=\u00bb4.16&#8243; _module_preset=\u00bbdefault\u00bb header_4_font=\u00bbRoboto|700||on|||||\u00bb header_4_text_color=\u00bbrgba(255,255,255,0.5)\u00bb header_4_font_size=\u00bb12px\u00bb header_4_letter_spacing=\u00bb3px\u00bb header_4_line_height=\u00bb1.5em\u00bb custom_margin=\u00bb40px||0px||false|false\u00bb custom_margin_tablet=\u00bb30px||||false|false\u00bb custom_margin_phone=\u00bb20px||||false|false\u00bb custom_margin_last_edited=\u00bbon|phone\u00bb locked=\u00bboff\u00bb global_colors_info=\u00bb{}\u00bb]<\/p>\n<h4>Email<\/h4>\n<p>[\/et_pb_text][et_pb_text _builder_version=\u00bb4.27.4&#8243; _module_preset=\u00bbdefault\u00bb text_font=\u00bbRoboto|500|||||||\u00bb text_text_color=\u00bb#FFFFFF\u00bb text_font_size=\u00bb16px\u00bb text_line_height=\u00bb1.6em\u00bb link_text_color=\u00bb#FFFFFF\u00bb header_5_text_color=\u00bb#FFFFFF\u00bb header_5_line_height=\u00bb1.8em\u00bb text_font_size_tablet=\u00bb15px\u00bb text_font_size_phone=\u00bb14px\u00bb text_font_size_last_edited=\u00bbon|desktop\u00bb header_font_size_tablet=\u00bb55px\u00bb header_font_size_last_edited=\u00bboff|desktop\u00bb locked=\u00bboff\u00bb global_colors_info=\u00bb{}\u00bb]<a href=\"mailto:direccion@ciamariapuentealto.cl\">direccion@ciamariapuentealto.cl<\/a>[\/et_pb_text][et_pb_text _builder_version=\u00bb4.17.4&#8243; _module_preset=\u00bbdefault\u00bb header_4_font=\u00bbRoboto|700||on|||||\u00bb header_4_text_color=\u00bbrgba(255,255,255,0.5)\u00bb header_4_font_size=\u00bb12px\u00bb header_4_letter_spacing=\u00bb3px\u00bb header_4_line_height=\u00bb1.5em\u00bb custom_margin=\u00bb40px||0px||false|false\u00bb custom_margin_tablet=\u00bb30px||||false|false\u00bb custom_margin_phone=\u00bb20px||||false|false\u00bb custom_margin_last_edited=\u00bbon|phone\u00bb locked=\u00bboff\u00bb global_colors_info=\u00bb{}\u00bb]<\/p>\n<h4>Tel\u00e9fono<\/h4>\n<p>[\/et_pb_text][et_pb_text _builder_version=\u00bb4.27.4&#8243; _module_preset=\u00bbdefault\u00bb text_font=\u00bbRoboto|500|||||||\u00bb text_text_color=\u00bb#FFFFFF\u00bb text_font_size=\u00bb16px\u00bb text_line_height=\u00bb1.6em\u00bb link_text_color=\u00bb#FFFFFF\u00bb header_5_text_color=\u00bb#FFFFFF\u00bb header_5_line_height=\u00bb1.8em\u00bb text_font_size_tablet=\u00bb15px\u00bb text_font_size_phone=\u00bb14px\u00bb text_font_size_last_edited=\u00bbon|desktop\u00bb header_font_size_tablet=\u00bb55px\u00bb header_font_size_last_edited=\u00bboff|desktop\u00bb locked=\u00bboff\u00bb global_colors_info=\u00bb{}\u00bb]<a data-dtype=\"d3ph\" data-local-attribute=\"d3ph\" jscontroller=\"LWZElb\" href=\"https:\/\/www.google.com\/search?q=compa%C3%B1ia+de+maria+seminario&amp;oq=compa%C3%B1ia+de+maria+se&amp;aqs=chrome.0.69i59j46i175i199i512j69i57j0i512l2j0i22i30l5.5049j0j7&amp;sourceid=chrome&amp;ie=UTF-8#\" jsdata=\"QKGTRc;_;AssgtE\" jsaction=\"rcuQ6b:npT2md;F75qrd\" data-ved=\"2ahUKEwj1y_a4zN_3AhWnuJUCHSQjCiEQkAgoAHoECFIQAw\"><span><span aria-label=\"Llamar al n\u00famero de tel\u00e9fono (2) 2426 4300\">+56 2 2426 4300<\/span><\/span><\/a>[\/et_pb_text][\/et_pb_column][et_pb_column type=\u00bb1_3&#8243; _builder_version=\u00bb4.16&#8243; _module_preset=\u00bbdefault\u00bb global_colors_info=\u00bb{}\u00bb][et_pb_contact_form title=\u00bbCont\u00e1ctenos\u00bb _builder_version=\u00bb4.27.4&#8243; _module_preset=\u00bbdefault\u00bb _unique_id=\u00bb46560a01-ec8e-47c6-a976-ff5685e1a7a7&#8243; title_text_color=\u00bb#FFFFFF\u00bb captcha_text_color=\u00bb#FFFFFF\u00bb custom_button=\u00bbon\u00bb button_text_color=\u00bb#FFFFFF\u00bb global_colors_info=\u00bb{}\u00bb][et_pb_contact_field field_id=\u00bbName\u00bb field_title=\u00bbNombre\u00bb _builder_version=\u00bb4.16&#8243; global_colors_info=\u00bb{}\u00bb button_text_size__hover_enabled=\u00bboff\u00bb button_one_text_size__hover_enabled=\u00bboff\u00bb button_two_text_size__hover_enabled=\u00bboff\u00bb button_text_color__hover_enabled=\u00bboff\u00bb button_one_text_color__hover_enabled=\u00bboff\u00bb button_two_text_color__hover_enabled=\u00bboff\u00bb button_border_width__hover_enabled=\u00bboff\u00bb button_one_border_width__hover_enabled=\u00bboff\u00bb button_two_border_width__hover_enabled=\u00bboff\u00bb button_border_color__hover_enabled=\u00bboff\u00bb button_one_border_color__hover_enabled=\u00bboff\u00bb button_two_border_color__hover_enabled=\u00bboff\u00bb button_border_radius__hover_enabled=\u00bboff\u00bb button_one_border_radius__hover_enabled=\u00bboff\u00bb button_two_border_radius__hover_enabled=\u00bboff\u00bb button_letter_spacing__hover_enabled=\u00bboff\u00bb button_one_letter_spacing__hover_enabled=\u00bboff\u00bb button_two_letter_spacing__hover_enabled=\u00bboff\u00bb button_bg_color__hover_enabled=\u00bboff\u00bb button_one_bg_color__hover_enabled=\u00bboff\u00bb button_two_bg_color__hover_enabled=\u00bboff\u00bb][\/et_pb_contact_field][et_pb_contact_field field_id=\u00bbEmail\u00bb field_title=\u00bbDirecci\u00f3n de correo electr\u00f3nico\u00bb field_type=\u00bbemail\u00bb _builder_version=\u00bb4.16&#8243; global_colors_info=\u00bb{}\u00bb button_text_size__hover_enabled=\u00bboff\u00bb button_one_text_size__hover_enabled=\u00bboff\u00bb button_two_text_size__hover_enabled=\u00bboff\u00bb button_text_color__hover_enabled=\u00bboff\u00bb button_one_text_color__hover_enabled=\u00bboff\u00bb button_two_text_color__hover_enabled=\u00bboff\u00bb button_border_width__hover_enabled=\u00bboff\u00bb button_one_border_width__hover_enabled=\u00bboff\u00bb button_two_border_width__hover_enabled=\u00bboff\u00bb button_border_color__hover_enabled=\u00bboff\u00bb button_one_border_color__hover_enabled=\u00bboff\u00bb button_two_border_color__hover_enabled=\u00bboff\u00bb button_border_radius__hover_enabled=\u00bboff\u00bb button_one_border_radius__hover_enabled=\u00bboff\u00bb button_two_border_radius__hover_enabled=\u00bboff\u00bb button_letter_spacing__hover_enabled=\u00bboff\u00bb button_one_letter_spacing__hover_enabled=\u00bboff\u00bb button_two_letter_spacing__hover_enabled=\u00bboff\u00bb button_bg_color__hover_enabled=\u00bboff\u00bb button_one_bg_color__hover_enabled=\u00bboff\u00bb button_two_bg_color__hover_enabled=\u00bboff\u00bb][\/et_pb_contact_field][et_pb_contact_field field_id=\u00bbMessage\u00bb field_title=\u00bbMensaje\u00bb field_type=\u00bbtext\u00bb fullwidth_field=\u00bbon\u00bb _builder_version=\u00bb4.16&#8243; global_colors_info=\u00bb{}\u00bb button_text_size__hover_enabled=\u00bboff\u00bb button_one_text_size__hover_enabled=\u00bboff\u00bb button_two_text_size__hover_enabled=\u00bboff\u00bb button_text_color__hover_enabled=\u00bboff\u00bb button_one_text_color__hover_enabled=\u00bboff\u00bb button_two_text_color__hover_enabled=\u00bboff\u00bb button_border_width__hover_enabled=\u00bboff\u00bb button_one_border_width__hover_enabled=\u00bboff\u00bb button_two_border_width__hover_enabled=\u00bboff\u00bb button_border_color__hover_enabled=\u00bboff\u00bb button_one_border_color__hover_enabled=\u00bboff\u00bb button_two_border_color__hover_enabled=\u00bboff\u00bb button_border_radius__hover_enabled=\u00bboff\u00bb button_one_border_radius__hover_enabled=\u00bboff\u00bb button_two_border_radius__hover_enabled=\u00bboff\u00bb button_letter_spacing__hover_enabled=\u00bboff\u00bb button_one_letter_spacing__hover_enabled=\u00bboff\u00bb button_two_letter_spacing__hover_enabled=\u00bboff\u00bb button_bg_color__hover_enabled=\u00bboff\u00bb button_one_bg_color__hover_enabled=\u00bboff\u00bb button_two_bg_color__hover_enabled=\u00bboff\u00bb][\/et_pb_contact_field][\/et_pb_contact_form][\/et_pb_column][\/et_pb_row][\/et_pb_section]<\/p>\n","protected":false},"excerpt":{"rendered":"<p>Educamos SignaIntroducci\u00f3n SIGNA\u00bbSIGNA\u00bb\u00a0es el modelo pedag\u00f3gico de la Compa\u00f1\u00eda de Mar\u00eda en Espa\u00f1a, con m\u00e1s de 400 a\u00f1os de experiencia en educaci\u00f3n. Este enfoque pone a la persona en el centro del proceso educativo, promoviendo un aprendizaje personalizado y adaptado a las necesidades de cada estudiante. La finalidad es formar ciudadanos responsables, competentes y comprometidos [&hellip;]<\/p>\n","protected":false},"author":2,"featured_media":0,"parent":0,"menu_order":0,"comment_status":"closed","ping_status":"closed","template":"","meta":{"_et_pb_use_builder":"on","_et_pb_old_content":"","_et_gb_content_width":"","footnotes":""},"class_list":["post-16066","page","type-page","status-publish","hentry"],"_links":{"self":[{"href":"https:\/\/ciamariapuentealto.cl\/sitio\/wp-json\/wp\/v2\/pages\/16066","targetHints":{"allow":["GET"]}}],"collection":[{"href":"https:\/\/ciamariapuentealto.cl\/sitio\/wp-json\/wp\/v2\/pages"}],"about":[{"href":"https:\/\/ciamariapuentealto.cl\/sitio\/wp-json\/wp\/v2\/types\/page"}],"author":[{"embeddable":true,"href":"https:\/\/ciamariapuentealto.cl\/sitio\/wp-json\/wp\/v2\/users\/2"}],"replies":[{"embeddable":true,"href":"https:\/\/ciamariapuentealto.cl\/sitio\/wp-json\/wp\/v2\/comments?post=16066"}],"version-history":[{"count":17,"href":"https:\/\/ciamariapuentealto.cl\/sitio\/wp-json\/wp\/v2\/pages\/16066\/revisions"}],"predecessor-version":[{"id":23149,"href":"https:\/\/ciamariapuentealto.cl\/sitio\/wp-json\/wp\/v2\/pages\/16066\/revisions\/23149"}],"wp:attachment":[{"href":"https:\/\/ciamariapuentealto.cl\/sitio\/wp-json\/wp\/v2\/media?parent=16066"}],"curies":[{"name":"wp","href":"https:\/\/api.w.org\/{rel}","templated":true}]}}